{"id":61,"date":"2020-09-16T05:16:09","date_gmt":"2020-09-16T05:16:09","guid":{"rendered":"http:\/\/johnwatson.fr\/index.php\/home\/"},"modified":"2025-05-13T11:53:49","modified_gmt":"2025-05-13T09:53:49","slug":"home","status":"publish","type":"page","link":"https:\/\/johnwatson.fr\/","title":{"rendered":"Home"},"content":{"rendered":"\t\t<div data-elementor-type=\"wp-page\" data-elementor-id=\"61\" class=\"elementor elementor-61\">\n\t\t\t\t<div class=\"elementor-element elementor-element-6b088aed e-flex e-con-boxed e-con e-parent\" data-id=\"6b088aed\" data-element_type=\"container\">\n\t\t\t\t\t<div class=\"e-con-inner\">\n\t\t\t\t<div class=\"elementor-element elementor-element-7884a00a elementor-widget elementor-widget-text-editor\" data-id=\"7884a00a\" data-element_type=\"widget\" data-widget_type=\"text-editor.default\">\n\t\t\t\t<div class=\"elementor-widget-container\">\n\t\t\t\t\t\t\t\t\t\n<div class=\"inherit-container-width wp-block-group alignfull has-ast-global-color-4-color has-text-color has-background is-layout-constrained wp-block-group-is-layout-constrained\" style=\"background-color:#000000\"><div class=\"wp-block-group__inner-container\">\n<h1 class=\"wp-block-heading has-ast-global-color-4-color has-text-color has-background\" style=\"background-color:#000000\"><em>  JOHN WATSON<\/em><\/h1>\n\n\n\n<p class=\"has-ast-global-color-4-color has-text-color\"><\/p>\n\n\n\n<p class=\"has-ast-global-color-4-color has-text-color\">John Watson fa\u00e7onne une pop po\u00e9tique et sensuelle, au croisement du R&amp;B onirique, de l&#8217;\u00e9lectro minimale et de la chanson fran\u00e7aise.<\/p>\n\n\n\n<p class=\"has-ast-global-color-4-color has-text-color\"> Il murmure ce que d&#8217;autres crient. Sa voix, douce et magn\u00e9tique, flotte entre r\u00eave et confession, port\u00e9e par des productions nocturnes, enveloppantes et cin\u00e9matographiques.<\/p>\n\n\n\n<p class=\"has-ast-global-color-4-color has-text-color\">Son nouveau projet &#8220;APOLOVE&#8221; est un voyage entre amour sacr\u00e9, solitude c\u00e9leste et sensualit\u00e9 contenue. Chaque morceau est un fragment du ciel, une \u00eele int\u00e9rieure, un souvenir suspendu.<\/p>\n\n\n\n<p class=\"has-ast-global-color-4-color has-text-color\">John Watson ne cherche pas le bruit : il trace des silence habit\u00e9s, des paysages intimes o\u00f9 chacun peut se reconnaitre, se perdre ou se retrouver.<\/p>\n\n\n\n<p>                                                                                                                                                ***<\/p>\n<\/div><\/div>\n\n\n\n<p>John Watson crafts a poetic and sensual form of pop, blending dreamy R&amp;B, minimal electronica, and cosmic French chanson.<\/p>\n\n\n\n<p>He whispers what others shout. His voice, soft and magnetic, floats between dream and confession, carried by nocturnal, cinematic soundscapes.<\/p>\n\n\n\n<p>His new project, &#8220;APOLOVE&#8221; , is a journey through sacred love, celestial solitude, and intimate sensuality. Each track is a piece of sky, an inner island, a suspended memory.<\/p>\n\n\n\n<p>John doesn&#8217;t seek noise : he traces inhabited silences, intimate landscapes where anyone can lose themselves, be seen, or be reborn.<\/p>\n\n\n\n<div class=\"inherit-container-width wp-block-group alignfull has-ast-global-color-4-color has-text-color has-background is-layout-constrained wp-block-group-is-layout-constrained\" style=\"background-color:#000000\"><div class=\"wp-block-group__inner-container\">\n<p class=\"has-ast-global-color-4-color has-text-color\"><\/p>\n\n\n\n<p class=\"has-ast-global-color-4-color has-text-color\"><\/p>\n\n\n\n<p class=\"has-ast-global-color-4-color has-text-color\"><\/p>\n\n\n\n<p><\/p>\n\n\n\n<p class=\"has-ast-global-color-4-color has-text-color\"><\/p>\n\n\n\n<p><\/p>\n\n\n\n<p><\/p>\n\n\n\n<p class=\"has-ast-global-color-4-color has-text-color\"><\/p>\n\n\n\n<h2 class=\"wp-block-heading has-text-align-center\"><font _mstmutation=\"1\" _msthash=\"0\"><\/font><\/h2>\n\n\n\n<hr class=\"wp-block-separator has-css-opacity aligncenter\"\/>\n<\/div><\/div>\n\n\n\n<div class=\"inherit-container-width wp-block-group alignfull is-layout-constrained wp-block-group-is-layout-constrained\"><div class=\"wp-block-group__inner-container\">\n<div class=\"wp-block-columns alignwide are-vertically-aligned-center is-layout-flex wp-container-core-columns-is-layout-28f84493 wp-block-columns-is-layout-flex\">\n<div class=\"wp-block-column is-vertically-aligned-center is-layout-flow wp-block-column-is-layout-flow\"><\/div>\n\n\n\n<div class=\"wp-block-column is-vertically-aligned-center is-layout-flow wp-block-column-is-layout-flow\"><\/div>\n\n\n\n<div class=\"wp-block-column is-vertically-aligned-center is-layout-flow wp-block-column-is-layout-flow\"><\/div>\n<\/div>\n<\/div><\/div>\n\n\n\n<p><\/p>\n\n\n\n<div class=\"wp-block-columns is-layout-flex wp-container-core-columns-is-layout-28f84493 wp-block-columns-is-layout-flex\">\n<div class=\"wp-block-column is-layout-flow wp-block-column-is-layout-flow\" style=\"flex-basis:100%\">\n<div class=\"inherit-container-width wp-block-group alignfull has-ast-global-color-5-background-color has-background is-layout-constrained wp-block-group-is-layout-constrained\"><div class=\"wp-block-group__inner-container\"><\/div><\/div>\n<\/div>\n<\/div>\n\n\n\n<div class=\"inherit-container-width wp-block-group alignfull has-ast-global-color-5-background-color has-background is-layout-constrained wp-block-group-is-layout-constrained\"><div class=\"wp-block-group__inner-container\">\n<div class=\"wp-block-columns is-layout-flex wp-container-core-columns-is-layout-28f84493 wp-block-columns-is-layout-flex\">\n<div class=\"wp-block-column is-layout-flow wp-block-column-is-layout-flow\"><\/div>\n\n\n\n<div class=\"wp-block-column is-layout-flow wp-block-column-is-layout-flow\">\n<figure class=\"wp-block-image aligncenter size-large is-resized\"><img decoding=\"async\" src=\"http:\/\/johnwatson.fr\/wp-content\/uploads\/2020\/09\/lock-free-img.png\" alt=\"\" class=\"wp-image-16\" style=\"width:60px;height:60px\"\/><\/figure>\n\n\n\n<h6 class=\"wp-block-heading has-text-align-center\">PAIEMENTS S\u00c9CURIS\u00c9S<\/h6>\n<\/div>\n<\/div>\n<\/div><\/div>\n\n\n\n<p><\/p>\n\t\t\t\t\t\t\t\t<\/div>\n\t\t\t\t<\/div>\n\t\t\t\t\t<\/div>\n\t\t\t\t<\/div>\n\t\t<div class=\"elementor-element elementor-element-59842ec e-flex e-con-boxed e-con e-parent\" data-id=\"59842ec\" data-element_type=\"container\">\n\t\t\t\t\t<div class=\"e-con-inner\">\n\t\t\t\t<div class=\"elementor-element elementor-element-26ff1f5 elementor-widget elementor-widget-image\" data-id=\"26ff1f5\" data-element_type=\"widget\" data-widget_type=\"image.default\">\n\t\t\t\t<div class=\"elementor-widget-container\">\n\t\t\t\t\t\t\t\t\t\t\t\t\t\t\t<img decoding=\"async\" width=\"150\" height=\"150\" src=\"https:\/\/johnwatson.fr\/wp-content\/uploads\/2024\/06\/Screenshot_20240605_102734_Facebook-150x150.jpg\" class=\"attachment-thumbnail size-thumbnail wp-image-1921\" alt=\"\" srcset=\"https:\/\/johnwatson.fr\/wp-content\/uploads\/2024\/06\/Screenshot_20240605_102734_Facebook-150x150.jpg 150w, https:\/\/johnwatson.fr\/wp-content\/uploads\/2024\/06\/Screenshot_20240605_102734_Facebook-300x300.jpg 300w, https:\/\/johnwatson.fr\/wp-content\/uploads\/2024\/06\/Screenshot_20240605_102734_Facebook-100x100.jpg 100w\" sizes=\"(max-width: 150px) 100vw, 150px\" \/>\t\t\t\t\t\t\t\t\t\t\t\t\t\t\t<\/div>\n\t\t\t\t<\/div>\n\t\t\t\t\t<\/div>\n\t\t\t\t<\/div>\n\t\t\t\t<\/div>\n\t\t","protected":false},"excerpt":{"rendered":"<p>JOHN WATSON John Watson fa\u00e7onne une pop po\u00e9tique et sensuelle, au croisement du R&amp;B onirique, de l&#8217;\u00e9lectro minimale et de la chanson fran\u00e7aise. Il murmure ce que d&#8217;autres crient. Sa voix, douce et magn\u00e9tique, flotte entre r\u00eave et confession, port\u00e9e par des productions nocturnes, enveloppantes et cin\u00e9matographiques. Son nouveau projet &#8220;APOLOVE&#8221; est un voyage entre &hellip;<\/p>\n<p class=\"read-more\"> <a class=\"\" href=\"https:\/\/johnwatson.fr\/\"> <span class=\"screen-reader-text\">Home<\/span> Lire la suite\u00a0\u00bb<\/a><\/p>\n","protected":false},"author":1,"featured_media":1938,"parent":0,"menu_order":0,"comment_status":"closed","ping_status":"closed","template":"","meta":{"om_disable_all_campaigns":false,"_mi_skip_tracking":false,"site-sidebar-layout":"no-sidebar","site-content-layout":"plain-container","ast-global-header-display":"","ast-main-header-display":"","ast-hfb-above-header-display":"","ast-hfb-below-header-display":"","ast-hfb-mobile-header-display":"","site-post-title":"disabled","ast-breadcrumbs-content":"","ast-featured-img":"","footer-sml-layout":"","theme-transparent-header-meta":"enabled","adv-header-id-meta":"","stick-header-meta":"","header-above-stick-meta":"","header-main-stick-meta":"","header-below-stick-meta":"","footnotes":""},"class_list":["post-61","page","type-page","status-publish","has-post-thumbnail","hentry"],"aioseo_notices":[],"_links":{"self":[{"href":"https:\/\/johnwatson.fr\/index.php\/wp-json\/wp\/v2\/pages\/61","targetHints":{"allow":["GET"]}}],"collection":[{"href":"https:\/\/johnwatson.fr\/index.php\/wp-json\/wp\/v2\/pages"}],"about":[{"href":"https:\/\/johnwatson.fr\/index.php\/wp-json\/wp\/v2\/types\/page"}],"author":[{"embeddable":true,"href":"https:\/\/johnwatson.fr\/index.php\/wp-json\/wp\/v2\/users\/1"}],"replies":[{"embeddable":true,"href":"https:\/\/johnwatson.fr\/index.php\/wp-json\/wp\/v2\/comments?post=61"}],"version-history":[{"count":28,"href":"https:\/\/johnwatson.fr\/index.php\/wp-json\/wp\/v2\/pages\/61\/revisions"}],"predecessor-version":[{"id":1947,"href":"https:\/\/johnwatson.fr\/index.php\/wp-json\/wp\/v2\/pages\/61\/revisions\/1947"}],"wp:featuredmedia":[{"embeddable":true,"href":"https:\/\/johnwatson.fr\/index.php\/wp-json\/wp\/v2\/media\/1938"}],"wp:attachment":[{"href":"https:\/\/johnwatson.fr\/index.php\/wp-json\/wp\/v2\/media?parent=61"}],"curies":[{"name":"wp","href":"https:\/\/api.w.org\/{rel}","templated":true}]}}