{"id":1514,"date":"2021-10-07T17:26:39","date_gmt":"2021-10-07T15:26:39","guid":{"rendered":"http:\/\/johnwatson.fr\/?page_id=1514"},"modified":"2025-05-13T11:10:58","modified_gmt":"2025-05-13T09:10:58","slug":"actualites","status":"publish","type":"page","link":"https:\/\/johnwatson.fr\/index.php\/actualites\/","title":{"rendered":"Actualit\u00e9s"},"content":{"rendered":"\n<p><strong>2025<\/strong><\/p>\n\n\n\n<p>Sortie de l&#8217;album APOLOVE, 14 titres<\/p>\n\n\n\n<figure class=\"wp-block-embed is-type-rich is-provider-spotify wp-block-embed-spotify wp-embed-aspect-21-9 wp-has-aspect-ratio\"><div class=\"wp-block-embed__wrapper\">\n<iframe title=\"Spotify Embed: APOLOV\u00c9\" style=\"border-radius: 12px\" width=\"100%\" height=\"352\" frameborder=\"0\" allowfullscreen allow=\"autoplay; clipboard-write; encrypted-media; fullscreen; picture-in-picture\" loading=\"lazy\" src=\"https:\/\/open.spotify.com\/embed\/album\/3XS7XYYSpfISdfqExMmK88?si=VQd7TlicTf-XmjKYNhzPoQ&#038;utm_source=oembed\"><\/iframe>\n<\/div><\/figure>\n\n\n\n<p>2024<\/p>\n\n\n\n<p>Sortie de l&#8217;album Coeur ouvert , 18 titres<\/p>\n\n\n\n<figure class=\"wp-block-embed is-type-rich is-provider-spotify wp-block-embed-spotify wp-embed-aspect-21-9 wp-has-aspect-ratio\"><div class=\"wp-block-embed__wrapper\">\n<iframe title=\"Spotify Embed: C\u0153ur ouvert\" style=\"border-radius: 12px\" width=\"100%\" height=\"352\" frameborder=\"0\" allowfullscreen allow=\"autoplay; clipboard-write; encrypted-media; fullscreen; picture-in-picture\" loading=\"lazy\" src=\"https:\/\/open.spotify.com\/embed\/album\/4w7qSZZuc2WAOBpWRgSekj?si=8b01air7Q1SqAjPoxLq5eg&#038;utm_source=oembed\"><\/iframe>\n<\/div><\/figure>\n\n\n\n<p>Sortie de l&#8217;album Odyss\u00e9e, 12 titres<\/p>\n\n\n\n<figure class=\"wp-block-embed is-type-rich is-provider-spotify wp-block-embed-spotify wp-embed-aspect-21-9 wp-has-aspect-ratio\"><div class=\"wp-block-embed__wrapper\">\n<iframe title=\"Spotify Embed: Odyss\u00e9e\" style=\"border-radius: 12px\" width=\"100%\" height=\"352\" frameborder=\"0\" allowfullscreen allow=\"autoplay; clipboard-write; encrypted-media; fullscreen; picture-in-picture\" loading=\"lazy\" src=\"https:\/\/open.spotify.com\/embed\/album\/6ToAJfiouQobpfdumrHbsj?si=dWdDpLAJQ-qlLpEjiO2T-Q&#038;utm_source=oembed\"><\/iframe>\n<\/div><\/figure>\n\n\n\n<p>Sortie de l&#8217;album Vendredi soir sur la terre, 15 titres<\/p>\n\n\n\n<figure class=\"wp-block-embed is-type-rich is-provider-spotify wp-block-embed-spotify wp-embed-aspect-21-9 wp-has-aspect-ratio\"><div class=\"wp-block-embed__wrapper\">\n<iframe title=\"Spotify Embed: Vendredi soir sur la terre\" style=\"border-radius: 12px\" width=\"100%\" height=\"352\" frameborder=\"0\" allowfullscreen allow=\"autoplay; clipboard-write; encrypted-media; fullscreen; picture-in-picture\" loading=\"lazy\" src=\"https:\/\/open.spotify.com\/embed\/album\/2Omn15kMFEIFV4UxBoKiV0?si=VbXx3QMySEGWCM-akZ7lsw&#038;utm_source=oembed\"><\/iframe>\n<\/div><\/figure>\n\n\n\n<p>30 novembre 2023 <\/p>\n\n\n\n<p>Sortie de l&#8217;album &#8221; Animal &#8221;  15 titres \u00e0 d\u00e9couvrir sur Spotify : <\/p>\n\n\n\n<p>  <a href=\"https:\/\/open.spotify.com\/intl-fr\/album\/6VosxM14ABAM0QexdUPj04?si=06gxlLHJTwWiM20JUIokIg\" target=\"_blank\" rel=\"noopener\" title=\"\">Animal<\/a><\/p>\n\n\n\n<p><\/p>\n\n\n\n<p>Podcast de l\u2019\u00e9mission l\u2019A\u00efolive sur France bleu Provence du samedi 8 janvier 2022<\/p>\n\n\n\n<div class=\"wp-block-media-text alignwide has-media-on-the-right is-stacked-on-mobile\"><div class=\"wp-block-media-text__content\">\n<audio class=\"wp-audio-shortcode\" id=\"audio-1514-1\" preload=\"none\" style=\"width: 100%;\" controls=\"controls\"><source type=\"audio\/mpeg\" src=\"http:\/\/johnwatson.fr\/wp-content\/uploads\/2022\/01\/AIOLIVE-SA_08_01_John_Watson__Je_Haine__ok-.mp3?_=1\" \/><a href=\"http:\/\/johnwatson.fr\/wp-content\/uploads\/2022\/01\/AIOLIVE-SA_08_01_John_Watson__Je_Haine__ok-.mp3\">http:\/\/johnwatson.fr\/wp-content\/uploads\/2022\/01\/AIOLIVE-SA_08_01_John_Watson__Je_Haine__ok-.mp3<\/a><\/audio>\n<\/div><figure class=\"wp-block-media-text__media\"><\/figure><\/div>\n\n\n\n<p>Samedi 8 janvier<\/p>\n\n\n\n<p class=\"has-text-align-left\">John Watson dans l\u2019\u00e9mission l\u2019A\u00efolive d\u2019Eric Thomas sur France Bleu Provence \u00e0 18H30.<\/p>\n\n\n\n<p class=\"has-text-align-left\"><a href=\"https:\/\/www.francebleu.fr\/provence\" target=\"_blank\" rel=\"noreferrer noopener\">https:\/\/www.francebleu.fr\/provence<\/a><\/p>\n\n\n\n<figure class=\"wp-block-image size-large\"><img fetchpriority=\"high\" decoding=\"async\" width=\"1024\" height=\"566\" src=\"https:\/\/johnwatson.fr\/wp-content\/uploads\/2022\/01\/E8917EF2-042B-44BF-81DF-4BEAA0FA9852-1024x566.jpeg\" alt=\"\" class=\"wp-image-1606\" srcset=\"https:\/\/johnwatson.fr\/wp-content\/uploads\/2022\/01\/E8917EF2-042B-44BF-81DF-4BEAA0FA9852-1024x566.jpeg 1024w, https:\/\/johnwatson.fr\/wp-content\/uploads\/2022\/01\/E8917EF2-042B-44BF-81DF-4BEAA0FA9852-600x332.jpeg 600w, https:\/\/johnwatson.fr\/wp-content\/uploads\/2022\/01\/E8917EF2-042B-44BF-81DF-4BEAA0FA9852-300x166.jpeg 300w, https:\/\/johnwatson.fr\/wp-content\/uploads\/2022\/01\/E8917EF2-042B-44BF-81DF-4BEAA0FA9852-768x425.jpeg 768w, https:\/\/johnwatson.fr\/wp-content\/uploads\/2022\/01\/E8917EF2-042B-44BF-81DF-4BEAA0FA9852.jpeg 1080w\" sizes=\"(max-width: 1024px) 100vw, 1024px\" \/><\/figure>\n\n\n\n<p><\/p>\n\n\n\n<p>L\u2019album \u00ab&nbsp;M\u00e9t\u00e9ore&nbsp;\u00bb est \u00e9galement disponible \u00e0 l\u2019espace Culturel E.Leclerc de Moulins dans l\u2019Allier (03) ainsi qu\u2019\u00e0 l\u2019espace Culturel E.Leclerc de Paray-le-Monial en Sa\u00f4ne et Loire (71).<\/p>\n\n\n\n<figure class=\"wp-block-image size-full is-resized\"><img decoding=\"async\" width=\"1920\" height=\"2560\" src=\"http:\/\/johnwatson.fr\/wp-content\/uploads\/2021\/12\/20211201_134632-scaled.jpg\" alt=\"\" class=\"wp-image-1589\" style=\"width:460px;height:614px\" srcset=\"https:\/\/johnwatson.fr\/wp-content\/uploads\/2021\/12\/20211201_134632-scaled.jpg 1920w, https:\/\/johnwatson.fr\/wp-content\/uploads\/2021\/12\/20211201_134632-scaled-600x800.jpg 600w, https:\/\/johnwatson.fr\/wp-content\/uploads\/2021\/12\/20211201_134632-225x300.jpg 225w\" sizes=\"(max-width: 1920px) 100vw, 1920px\" \/><\/figure>\n\n\n\n<figure class=\"wp-block-image size-full is-resized\"><img decoding=\"async\" width=\"1920\" height=\"2560\" src=\"http:\/\/johnwatson.fr\/wp-content\/uploads\/2021\/12\/20211201_134648-scaled.jpg\" alt=\"\" class=\"wp-image-1591\" style=\"width:457px;height:610px\" srcset=\"https:\/\/johnwatson.fr\/wp-content\/uploads\/2021\/12\/20211201_134648-scaled.jpg 1920w, https:\/\/johnwatson.fr\/wp-content\/uploads\/2021\/12\/20211201_134648-scaled-600x800.jpg 600w, https:\/\/johnwatson.fr\/wp-content\/uploads\/2021\/12\/20211201_134648-225x300.jpg 225w\" sizes=\"(max-width: 1920px) 100vw, 1920px\" \/><\/figure>\n\n\n\n<p>18 novembre 2021:<\/p>\n\n\n\n<p>John Watson en interview sur BFM Var pour parler du harc\u00e8lement et de la chanson \u00ab&nbsp;Je haine&nbsp;\u00bb lors de la journ\u00e9e nationale de lutte contre le harc\u00e8lement.<\/p>\n\n\n\n<p><a href=\"https:\/\/www.bfmtv.com\/var\/replay-emissions\/bonsoir-var\/un-varois-chante-contre-le-harcelement-scolaire_VN-202111180394.html\" target=\"_blank\" rel=\"noreferrer noopener\">https:\/\/www.bfmtv.com\/var\/replay-emissions\/bonsoir-var\/un-varois-chante-contre-le-harcelement-scolaire_VN-202111180394.html<\/a><\/p>\n\n\n\n<figure class=\"wp-block-image size-large\"><img loading=\"lazy\" decoding=\"async\" width=\"1024\" height=\"497\" src=\"https:\/\/johnwatson.fr\/wp-content\/uploads\/2021\/12\/CC319054-057A-419A-9D45-EB8B12056BE7-1024x497.jpeg\" alt=\"\" class=\"wp-image-1586\" srcset=\"https:\/\/johnwatson.fr\/wp-content\/uploads\/2021\/12\/CC319054-057A-419A-9D45-EB8B12056BE7-1024x497.jpeg 1024w, https:\/\/johnwatson.fr\/wp-content\/uploads\/2021\/12\/CC319054-057A-419A-9D45-EB8B12056BE7-scaled-600x291.jpeg 600w, https:\/\/johnwatson.fr\/wp-content\/uploads\/2021\/12\/CC319054-057A-419A-9D45-EB8B12056BE7-300x146.jpeg 300w, https:\/\/johnwatson.fr\/wp-content\/uploads\/2021\/12\/CC319054-057A-419A-9D45-EB8B12056BE7-768x373.jpeg 768w, https:\/\/johnwatson.fr\/wp-content\/uploads\/2021\/12\/CC319054-057A-419A-9D45-EB8B12056BE7-1536x745.jpeg 1536w, https:\/\/johnwatson.fr\/wp-content\/uploads\/2021\/12\/CC319054-057A-419A-9D45-EB8B12056BE7-2048x994.jpeg 2048w, https:\/\/johnwatson.fr\/wp-content\/uploads\/2021\/12\/CC319054-057A-419A-9D45-EB8B12056BE7-1320x641.jpeg 1320w\" sizes=\"(max-width: 1024px) 100vw, 1024px\" \/><\/figure>\n\n\n\n<p><\/p>\n\n\n\n<p>Prochainement retrouvez John Watson sur France bleu Provence<\/p>\n\n\n\n<figure class=\"wp-block-image size-large\"><img loading=\"lazy\" decoding=\"async\" width=\"855\" height=\"1024\" src=\"https:\/\/johnwatson.fr\/wp-content\/uploads\/2021\/11\/058BAA4F-76EA-46C3-894C-56804CF39046-855x1024.jpeg\" alt=\"\" class=\"wp-image-1581\" srcset=\"https:\/\/johnwatson.fr\/wp-content\/uploads\/2021\/11\/058BAA4F-76EA-46C3-894C-56804CF39046-855x1024.jpeg 855w, https:\/\/johnwatson.fr\/wp-content\/uploads\/2021\/11\/058BAA4F-76EA-46C3-894C-56804CF39046-600x718.jpeg 600w, https:\/\/johnwatson.fr\/wp-content\/uploads\/2021\/11\/058BAA4F-76EA-46C3-894C-56804CF39046-251x300.jpeg 251w, https:\/\/johnwatson.fr\/wp-content\/uploads\/2021\/11\/058BAA4F-76EA-46C3-894C-56804CF39046-768x920.jpeg 768w, https:\/\/johnwatson.fr\/wp-content\/uploads\/2021\/11\/058BAA4F-76EA-46C3-894C-56804CF39046-1283x1536.jpeg 1283w, https:\/\/johnwatson.fr\/wp-content\/uploads\/2021\/11\/058BAA4F-76EA-46C3-894C-56804CF39046-1320x1580.jpeg 1320w, https:\/\/johnwatson.fr\/wp-content\/uploads\/2021\/11\/058BAA4F-76EA-46C3-894C-56804CF39046.jpeg 1683w\" sizes=\"(max-width: 855px) 100vw, 855px\" \/><\/figure>\n\n\n\n<p>20 octobre 2021<\/p>\n\n\n\n<p>Podcast de l\u2019interview chez RadioActive Toulon qui passera sur les ondes plusieurs fois par jour.<\/p>\n\n\n\n<p>Nous avons re\u00e7u un superbe accueil par Marco, un bon moment pass\u00e9 dans le studio.<\/p>\n\n\n\n<p><a href=\"http:\/\/www.radio-active.net\/podcast-192-active-moi-john-watson-john-watson\" target=\"_blank\" rel=\"noreferrer noopener nofollow sponsored ugc\" title=\"Radio Active podcast John Watson\">http:\/\/www.radio-active.net\/podcast-192-active-moi-john-watson-john-watson<\/a><\/p>\n\n\n\n<p><a href=\"http:\/\/www.radio-active.net\/podcast-192-active-moi-john-watson-john-watson\"> <\/a><\/p>\n\n\n\n<figure class=\"wp-block-image size-full\"><img loading=\"lazy\" decoding=\"async\" width=\"733\" height=\"720\" src=\"https:\/\/johnwatson.fr\/wp-content\/uploads\/2021\/10\/ECAD0F24-BC88-4C06-958B-D0C333B0B41E.jpeg\" alt=\"\" class=\"wp-image-1576\" srcset=\"https:\/\/johnwatson.fr\/wp-content\/uploads\/2021\/10\/ECAD0F24-BC88-4C06-958B-D0C333B0B41E.jpeg 733w, https:\/\/johnwatson.fr\/wp-content\/uploads\/2021\/10\/ECAD0F24-BC88-4C06-958B-D0C333B0B41E-600x589.jpeg 600w, https:\/\/johnwatson.fr\/wp-content\/uploads\/2021\/10\/ECAD0F24-BC88-4C06-958B-D0C333B0B41E-300x295.jpeg 300w\" sizes=\"(max-width: 733px) 100vw, 733px\" \/><\/figure>\n\n\n\n<p><\/p>\n\n\n\n<p><\/p>\n\n\n\n<p>15 octobre  2021 sortie de l&#8217;album &#8221; M\u00e9t\u00e9ore &#8221;  <\/p>\n\n\n\n<figure class=\"wp-block-image size-large\"><img loading=\"lazy\" decoding=\"async\" width=\"631\" height=\"1024\" src=\"https:\/\/johnwatson.fr\/wp-content\/uploads\/2021\/10\/sortie-album-631x1024.jpg\" alt=\"\" class=\"wp-image-1567\" srcset=\"https:\/\/johnwatson.fr\/wp-content\/uploads\/2021\/10\/sortie-album-631x1024.jpg 631w, https:\/\/johnwatson.fr\/wp-content\/uploads\/2021\/10\/sortie-album-600x974.jpg 600w, https:\/\/johnwatson.fr\/wp-content\/uploads\/2021\/10\/sortie-album-185x300.jpg 185w, https:\/\/johnwatson.fr\/wp-content\/uploads\/2021\/10\/sortie-album-768x1247.jpg 768w, https:\/\/johnwatson.fr\/wp-content\/uploads\/2021\/10\/sortie-album-946x1536.jpg 946w, https:\/\/johnwatson.fr\/wp-content\/uploads\/2021\/10\/sortie-album.jpg 1241w\" sizes=\"(max-width: 631px) 100vw, 631px\" \/><figcaption class=\"wp-element-caption\"> <\/figcaption><\/figure>\n\n\n\n<p>Finalisation de l&#8217;album &#8221; M\u00e9t\u00e9ore&#8221;  \u00e9t\u00e9 2021<\/p>\n\n\n\n<figure class=\"wp-block-gallery has-nested-images columns-default is-cropped wp-block-gallery-1 is-layout-flex wp-block-gallery-is-layout-flex\">\n<figure class=\"wp-block-image size-large\"><img loading=\"lazy\" decoding=\"async\" width=\"2560\" height=\"1484\" data-id=\"1515\" src=\"https:\/\/johnwatson.fr\/wp-content\/uploads\/2021\/10\/studio-1-scaled.jpg\" alt=\"\" class=\"wp-image-1515\" srcset=\"https:\/\/johnwatson.fr\/wp-content\/uploads\/2021\/10\/studio-1-scaled.jpg 2560w, https:\/\/johnwatson.fr\/wp-content\/uploads\/2021\/10\/studio-1-scaled-600x348.jpg 600w, https:\/\/johnwatson.fr\/wp-content\/uploads\/2021\/10\/studio-1-300x174.jpg 300w\" sizes=\"(max-width: 2560px) 100vw, 2560px\" \/><\/figure>\n<\/figure>\n\n\n\n<figure class=\"wp-block-gallery has-nested-images columns-default is-cropped wp-block-gallery-2 is-layout-flex wp-block-gallery-is-layout-flex\">\n<figure class=\"wp-block-image size-large\"><img loading=\"lazy\" decoding=\"async\" width=\"2560\" height=\"2273\" data-id=\"1516\" src=\"https:\/\/johnwatson.fr\/wp-content\/uploads\/2021\/10\/studio-2-scaled.jpg\" alt=\"\" class=\"wp-image-1516\" srcset=\"https:\/\/johnwatson.fr\/wp-content\/uploads\/2021\/10\/studio-2-scaled.jpg 2560w, https:\/\/johnwatson.fr\/wp-content\/uploads\/2021\/10\/studio-2-scaled-600x533.jpg 600w, https:\/\/johnwatson.fr\/wp-content\/uploads\/2021\/10\/studio-2-300x266.jpg 300w\" sizes=\"(max-width: 2560px) 100vw, 2560px\" \/><\/figure>\n<\/figure>\n\n\n\n<p><\/p>\n\n\n\n<p><\/p>\n\n\n\n<p><\/p>\n\n\n\n<p><\/p>\n\n\n\n<p>Mars 2021<\/p>\n\n\n\n<p class=\"has-text-align-center\"><strong>Naissance de \u00ab&nbsp; JE HAINE&nbsp; \u00bb <\/strong><\/p>\n\n\n\n<p><\/p>\n\n\n\n<figure class=\"wp-block-image size-large is-style-default\"><img loading=\"lazy\" decoding=\"async\" width=\"1024\" height=\"668\" src=\"https:\/\/johnwatson.fr\/wp-content\/uploads\/2021\/10\/7D76823C-1DEA-4594-99A8-F5C94D5C9B0C-1024x668.jpeg\" alt=\"\" class=\"wp-image-1540\" srcset=\"https:\/\/johnwatson.fr\/wp-content\/uploads\/2021\/10\/7D76823C-1DEA-4594-99A8-F5C94D5C9B0C-1024x668.jpeg 1024w, https:\/\/johnwatson.fr\/wp-content\/uploads\/2021\/10\/7D76823C-1DEA-4594-99A8-F5C94D5C9B0C-scaled-600x391.jpeg 600w, https:\/\/johnwatson.fr\/wp-content\/uploads\/2021\/10\/7D76823C-1DEA-4594-99A8-F5C94D5C9B0C-300x196.jpeg 300w, https:\/\/johnwatson.fr\/wp-content\/uploads\/2021\/10\/7D76823C-1DEA-4594-99A8-F5C94D5C9B0C-768x501.jpeg 768w, https:\/\/johnwatson.fr\/wp-content\/uploads\/2021\/10\/7D76823C-1DEA-4594-99A8-F5C94D5C9B0C-1536x1002.jpeg 1536w, https:\/\/johnwatson.fr\/wp-content\/uploads\/2021\/10\/7D76823C-1DEA-4594-99A8-F5C94D5C9B0C-2048x1336.jpeg 2048w, https:\/\/johnwatson.fr\/wp-content\/uploads\/2021\/10\/7D76823C-1DEA-4594-99A8-F5C94D5C9B0C-1320x861.jpeg 1320w\" sizes=\"(max-width: 1024px) 100vw, 1024px\" \/><\/figure>\n\n\n\n<p><\/p>\n\n\n\n<p><\/p>\n\n\n\n<p>Cette chanson a une histoire, l\u2019histoire d\u2019un enfant de 13 ans qui a connu des ann\u00e9es de harc\u00e8lement scolaire.<\/p>\n\n\n\n<p>Des ann\u00e9es de souffrances, de coups, d\u2019insultes\u2026 <\/p>\n\n\n\n<p>Cet enfant c\u2019est mon fils Melvin.<\/p>\n\n\n\n<p>J\u2019avais \u00e0 c\u0153ur d\u2019\u00e9crire sur ce qu\u2019il a v\u00e9cu, ext\u00e9rioriser tout cela.<\/p>\n\n\n\n<p>Puis j\u2019ai partag\u00e9 mon texte \u00e0 John en lui racontant le v\u00e9cu de Melvin et je lui ai demand\u00e9 d\u2019en faire une chanson.<\/p>\n\n\n\n<p>Il a tout de suite accept\u00e9.<\/p>\n\n\n\n<p>Il lui a fallu une nuit pour faire na\u00eetre cette chanson, l\u2019inspiration \u00e9tait l\u00e0,<\/p>\n\n\n\n<p>il a \u00e9t\u00e9 touch\u00e9 par l\u2019histoire de Melvin qui est l\u2019histoire de bien trop d\u2019enfants.<\/p>\n\n\n\n<p>Tout de suite nous avons eu l\u2019envie de tourner un clip, afin <\/p>\n\n\n\n<p>de sensibiliser les gens.<\/p>\n\n\n\n<p>Melvin souhaitait jouer son propre r\u00f4le aux c\u00f4t\u00e9s de John. <\/p>\n\n\n\n<p>Le clip a \u00e9t\u00e9 tourn\u00e9 dans l\u2019Allier avec des enfants volontaires qui<\/p>\n\n\n\n<p>se sont vraiment investit dans ce tournage.<\/p>\n\n\n\n<p>\u00ab&nbsp;Je haine&nbsp;\u00bb est n\u00e9e, nous esp\u00e9rons qu\u2019elle puisse voyager dans <\/p>\n\n\n\n<p>les \u00e9coles, les foyers afin de sensibiliser le plus de personnes possible.<\/p>\n\n\n\n<p>Cette chanson est pour toutes les victimes de harc\u00e8lement et leurs familles.<\/p>\n\n\n\n<p>Aur\u00e9lie<\/p>\n\n\n\n<figure class=\"wp-block-embed is-type-video is-provider-youtube wp-block-embed-youtube wp-embed-aspect-16-9 wp-has-aspect-ratio\"><div class=\"wp-block-embed__wrapper\">\n<div class=\"ast-oembed-container\" style=\"height: 100%;\"><iframe title=\"John Watson - Je &quot;Haine&quot;\" width=\"500\" height=\"281\" src=\"https:\/\/www.youtube.com\/embed\/Sxo0KF3G1E0?feature=oembed\" frameborder=\"0\" allow=\"accelerometer; autoplay; clipboard-write; encrypted-media; gyroscope; picture-in-picture; web-share\" referrerpolicy=\"strict-origin-when-cross-origin\" allowfullscreen><\/iframe><\/div>\n<\/div><\/figure>\n\n\n\n<figure class=\"wp-block-image size-large is-resized\"><img loading=\"lazy\" decoding=\"async\" width=\"1024\" height=\"809\" src=\"https:\/\/johnwatson.fr\/wp-content\/uploads\/2021\/10\/F96BE1AC-2A56-4B25-84A6-78CE44C164C7-1024x809.jpeg\" alt=\"\" class=\"wp-image-1545\" style=\"width:950px;height:750px\" srcset=\"https:\/\/johnwatson.fr\/wp-content\/uploads\/2021\/10\/F96BE1AC-2A56-4B25-84A6-78CE44C164C7-1024x809.jpeg 1024w, https:\/\/johnwatson.fr\/wp-content\/uploads\/2021\/10\/F96BE1AC-2A56-4B25-84A6-78CE44C164C7-600x474.jpeg 600w, https:\/\/johnwatson.fr\/wp-content\/uploads\/2021\/10\/F96BE1AC-2A56-4B25-84A6-78CE44C164C7-300x237.jpeg 300w, https:\/\/johnwatson.fr\/wp-content\/uploads\/2021\/10\/F96BE1AC-2A56-4B25-84A6-78CE44C164C7-768x607.jpeg 768w, https:\/\/johnwatson.fr\/wp-content\/uploads\/2021\/10\/F96BE1AC-2A56-4B25-84A6-78CE44C164C7.jpeg 1200w\" sizes=\"(max-width: 1024px) 100vw, 1024px\" \/><\/figure>\n\n\n\n<p><\/p>\n\n\n\n<figure class=\"wp-block-image size-large\"><img loading=\"lazy\" decoding=\"async\" width=\"1024\" height=\"768\" src=\"https:\/\/johnwatson.fr\/wp-content\/uploads\/2021\/10\/7177E9F3-190B-457B-B244-F78409B11569-1024x768.png\" alt=\"\" class=\"wp-image-1547\" srcset=\"https:\/\/johnwatson.fr\/wp-content\/uploads\/2021\/10\/7177E9F3-190B-457B-B244-F78409B11569-1024x768.png 1024w, https:\/\/johnwatson.fr\/wp-content\/uploads\/2021\/10\/7177E9F3-190B-457B-B244-F78409B11569-600x450.png 600w, https:\/\/johnwatson.fr\/wp-content\/uploads\/2021\/10\/7177E9F3-190B-457B-B244-F78409B11569-300x225.png 300w, https:\/\/johnwatson.fr\/wp-content\/uploads\/2021\/10\/7177E9F3-190B-457B-B244-F78409B11569-768x576.png 768w, https:\/\/johnwatson.fr\/wp-content\/uploads\/2021\/10\/7177E9F3-190B-457B-B244-F78409B11569-1536x1151.png 1536w, https:\/\/johnwatson.fr\/wp-content\/uploads\/2021\/10\/7177E9F3-190B-457B-B244-F78409B11569-2048x1535.png 2048w, https:\/\/johnwatson.fr\/wp-content\/uploads\/2021\/10\/7177E9F3-190B-457B-B244-F78409B11569-1320x990.png 1320w\" sizes=\"(max-width: 1024px) 100vw, 1024px\" \/><\/figure>\n\n\n\n<p><\/p>\n","protected":false},"excerpt":{"rendered":"<p>2025 Sortie de l&#8217;album APOLOVE, 14 titres 2024 Sortie de l&#8217;album Coeur ouvert , 18 titres Sortie de l&#8217;album Odyss\u00e9e, 12 titres Sortie de l&#8217;album Vendredi soir sur la terre, 15 titres 30 novembre 2023 Sortie de l&#8217;album &#8221; Animal &#8221; 15 titres \u00e0 d\u00e9couvrir sur Spotify : Animal Podcast de l\u2019\u00e9mission l\u2019A\u00efolive sur France &hellip;<\/p>\n<p class=\"read-more\"> <a class=\"\" href=\"https:\/\/johnwatson.fr\/index.php\/actualites\/\"> <span class=\"screen-reader-text\">Actualit\u00e9s<\/span> Lire la suite\u00a0\u00bb<\/a><\/p>\n","protected":false},"author":1,"featured_media":0,"parent":0,"menu_order":0,"comment_status":"closed","ping_status":"closed","template":"","meta":{"om_disable_all_campaigns":false,"_mi_skip_tracking":false,"site-sidebar-layout":"default","site-content-layout":"default","ast-global-header-display":"","ast-main-header-display":"","ast-hfb-above-header-display":"","ast-hfb-below-header-display":"","ast-hfb-mobile-header-display":"","site-post-title":"","ast-breadcrumbs-content":"","ast-featured-img":"","footer-sml-layout":"","theme-transparent-header-meta":"default","adv-header-id-meta":"","stick-header-meta":"","header-above-stick-meta":"","header-main-stick-meta":"","header-below-stick-meta":"","footnotes":""},"class_list":["post-1514","page","type-page","status-publish","hentry"],"aioseo_notices":[],"_links":{"self":[{"href":"https:\/\/johnwatson.fr\/index.php\/wp-json\/wp\/v2\/pages\/1514","targetHints":{"allow":["GET"]}}],"collection":[{"href":"https:\/\/johnwatson.fr\/index.php\/wp-json\/wp\/v2\/pages"}],"about":[{"href":"https:\/\/johnwatson.fr\/index.php\/wp-json\/wp\/v2\/types\/page"}],"author":[{"embeddable":true,"href":"https:\/\/johnwatson.fr\/index.php\/wp-json\/wp\/v2\/users\/1"}],"replies":[{"embeddable":true,"href":"https:\/\/johnwatson.fr\/index.php\/wp-json\/wp\/v2\/comments?post=1514"}],"version-history":[{"count":27,"href":"https:\/\/johnwatson.fr\/index.php\/wp-json\/wp\/v2\/pages\/1514\/revisions"}],"predecessor-version":[{"id":1934,"href":"https:\/\/johnwatson.fr\/index.php\/wp-json\/wp\/v2\/pages\/1514\/revisions\/1934"}],"wp:attachment":[{"href":"https:\/\/johnwatson.fr\/index.php\/wp-json\/wp\/v2\/media?parent=1514"}],"curies":[{"name":"wp","href":"https:\/\/api.w.org\/{rel}","templated":true}]}}